{"id":433,"date":"2014-01-31T08:11:36","date_gmt":"2014-01-31T07:11:36","guid":{"rendered":"http:\/\/blog.systemconnect.dk\/?page_id=433"},"modified":"2018-09-09T13:23:13","modified_gmt":"2018-09-09T11:23:13","slug":"velkommmen-til-systemconnects-tekniske-blog-for-nav-og-c5","status":"publish","type":"page","link":"https:\/\/scblog.lynge.org\/","title":{"rendered":"Velkommmen til Systemconnects tekniske blogarkiv for NAV og C5"},"content":{"rendered":"<p>Velkommen til Systemconnects tekniske blogarkiv for prim\u00e6rt Dynamics NAV, Dynamics C5 og Klassisk Dynamics C5.<\/p>\n<hr \/>\n<!--W4PL_List_892-->\n<div id=\"w4pl-list-892\" class=\"w4pl\">\n\t<div id=\"w4pl-inner-892\" class=\"w4pl-inner\">\n\t\t<ul>\n\t\t\t\t\t<li class=\"post-item-1168\"><a href=\"https:\/\/scblog.lynge.org\/?p=1168\">NAV 2009 snager<\/a><\/li>\n\t\t\t\t\n\t\t\t\t\t<li class=\"post-item-1164\"><a href=\"https:\/\/scblog.lynge.org\/?p=1164\">En Windows, der blev alt for virtuel\u2026<\/a><\/li>\n\t\t\t\t\n\t\t\t\t\t<li class=\"post-item-1176\"><a href=\"https:\/\/scblog.lynge.org\/?p=1176\">SQL mystik med NAV 2018 opgradering<\/a><\/li>\n\t\t\t\t\n\t\t\t\t\t<li class=\"post-item-1154\"><a href=\"https:\/\/scblog.lynge.org\/?p=1154\">Manglende primo- og ultimodatoer i Klassisk Dynamics C5?<\/a><\/li>\n\t\t\t\t\n\t\t\t\t\t<li class=\"post-item-1152\"><a href=\"https:\/\/scblog.lynge.org\/?p=1152\">En vaffor&#8217;n fisk?<\/a><\/li>\n\t\t\t\t\n\t\t\t\t\t<li class=\"post-item-1147\"><a href=\"https:\/\/scblog.lynge.org\/?p=1147\">Extension med de bedste intensioner<\/a><\/li>\n\t\t\t\t\n\t\t\t\t\t<li class=\"post-item-1138\"><a href=\"https:\/\/scblog.lynge.org\/?p=1138\">Klassisk Dynamics C5 p\u00e5 Azure SQL<\/a><\/li>\n\t\t\t\t\n\t\t\t\t\t<li class=\"post-item-1118\"><a href=\"https:\/\/scblog.lynge.org\/?p=1118\">Billedramme med roterende fis i kasketten<\/a><\/li>\n\t\t\t\t\n\t\t\t\t\t<li class=\"post-item-1130\"><a href=\"https:\/\/scblog.lynge.org\/?p=1130\">Klassisk Dynamics C5 uden &#8220;R\u00f8d gr\u00f8d med fl\u00f8de&#8221;<\/a><\/li>\n\t\t\t\t\n\t\t\t\t\t<li class=\"post-item-1113\"><a href=\"https:\/\/scblog.lynge.org\/?p=1113\">Upgrade710HF1000.DK.fob vs Upgrade7101000.DK.fob<\/a><\/li>\n\t\t\t\t\n\t\t\t\t\t<li class=\"post-item-1110\"><a href=\"https:\/\/scblog.lynge.org\/?p=1110\">Er der 1001 Dalmatinere i Continias Document Capture Service?<\/a><\/li>\n\t\t\t\t\n\t\t\t\t\t<li class=\"post-item-1105\"><a href=\"https:\/\/scblog.lynge.org\/?p=1105\">Mere Dynamics NAV ODATA PowerShell integration<\/a><\/li>\n\t\t\t\t\n\t\t\t\t\t<li class=\"post-item-1101\"><a href=\"https:\/\/scblog.lynge.org\/?p=1101\">G\u00e5 aldrig tilbage til en Dynamics NAV event-fuser<\/a><\/li>\n\t\t\t\t\n\t\t\t\t\t<li class=\"post-item-1096\"><a href=\"https:\/\/scblog.lynge.org\/?p=1096\">En Dynamics NAV, der blev alt for virtuel&#8230;<\/a><\/li>\n\t\t\t\t\n\t\t\t\t\t<li class=\"post-item-1071\"><a href=\"https:\/\/scblog.lynge.org\/?p=1071\">En Dynamics NAV har &#8220;tabt&#8221; sin IIS<\/a><\/li>\n\t\t\t\t\n\t\t\t\t\t<li class=\"post-item-1055\"><a href=\"https:\/\/scblog.lynge.org\/?p=1055\">Passivitet fra Dynamics NAVs udviklingsklient<\/a><\/li>\n\t\t\t\t\n\t\t\t\t\t<li class=\"post-item-1060\"><a href=\"https:\/\/scblog.lynge.org\/?p=1060\">Dynamics NAV har en fatal identitet<\/a><\/li>\n\t\t\t\t\n\t\t\t\t\t<li class=\"post-item-1053\"><a href=\"https:\/\/scblog.lynge.org\/?p=1053\">Dynamics NAV 2017\/2018 med identitetskrise?<\/a><\/li>\n\t\t\t\t\n\t\t\t\t\t<li class=\"post-item-1075\"><a href=\"https:\/\/scblog.lynge.org\/?p=1075\">Teknisk uheld &#8211; NAV beklager&#8230;<\/a><\/li>\n\t\t\t\t\n\t\t\t\t\t<li class=\"post-item-1062\"><a href=\"https:\/\/scblog.lynge.org\/?p=1062\">Linjeskift er en begr\u00e6nset ressource i Dynamice NAV 2016 CU12<\/a><\/li>\n\t\t\t\t\n\t\t\t\t\t<li class=\"post-item-1033\"><a href=\"https:\/\/scblog.lynge.org\/?p=1033\">M\u00e6rkv\u00e6rdige Excel kolonner<\/a><\/li>\n\t\t\t\t\n\t\t\t\t\t<li class=\"post-item-995\"><a href=\"https:\/\/scblog.lynge.org\/?p=995\">Kan du stole p\u00e5 din Klassiske Dynamics C5?<\/a><\/li>\n\t\t\t\t\n\t\t\t\t\t<li class=\"post-item-961\"><a href=\"https:\/\/scblog.lynge.org\/?p=961\">Dynamics NAV og udenlandske datoformler<\/a><\/li>\n\t\t\t\t\n\t\t\t\t\t<li class=\"post-item-954\"><a href=\"https:\/\/scblog.lynge.org\/?p=954\">Internal error: 47-1<\/a><\/li>\n\t\t\t\t\n\t\t\t\t\t<li class=\"post-item-1021\"><a href=\"https:\/\/scblog.lynge.org\/?p=1021\">One Word Printer to Rule Them All<\/a><\/li>\n\t\t\t\t\n\t\t\t\t\t<li class=\"post-item-1010\"><a href=\"https:\/\/scblog.lynge.org\/?p=1010\">Vandt Goliat over David?<\/a><\/li>\n\t\t\t\t\n\t\t\t\t\t<li class=\"post-item-1002\"><a href=\"https:\/\/scblog.lynge.org\/?p=1002\">Klassisk Dynamics C5 &#8211; nu med kopibeskyttelse<\/a><\/li>\n\t\t\t\t\n\t\t\t\t\t<li class=\"post-item-975\"><a href=\"https:\/\/scblog.lynge.org\/?p=975\">Another Brick in the ZyWALL<\/a><\/li>\n\t\t\t\t\n\t\t\t\t\t<li class=\"post-item-957\"><a href=\"https:\/\/scblog.lynge.org\/?p=957\">En st\u00f8vet C5 med en kuriositet eller to<\/a><\/li>\n\t\t\t\t\n\t\t\t\t\t<li class=\"post-item-973\"><a href=\"https:\/\/scblog.lynge.org\/?p=973\">NAV SQL teknik<\/a><\/li>\n\t\t\t\t\n\t\t\t\t\t<li class=\"post-item-984\"><a href=\"https:\/\/scblog.lynge.org\/?p=984\">Metadata for siden 39 indeholder ikke en definition af kontrolelementet for kontrolelementet med id&#8217;et -107<\/a><\/li>\n\t\t\t\t\n\t\t\t\t\t<li class=\"post-item-967\"><a href=\"https:\/\/scblog.lynge.org\/?p=967\">ClickOnce og &#8220;Fastg\u00f8r til proceslinje&#8221;<\/a><\/li>\n\t\t\t\t\n\t\t\t\t\t<li class=\"post-item-904\"><a href=\"https:\/\/scblog.lynge.org\/?p=904\">H\u00f8nen og \u00e6gget<\/a><\/li>\n\t\t\t\t\n\t\t\t\t\t<li class=\"post-item-952\"><a href=\"https:\/\/scblog.lynge.org\/?p=952\">You do not have permission to read the &#8216;Tenant Permission&#8217; Table<\/a><\/li>\n\t\t\t\t\n\t\t\t\t\t<li class=\"post-item-943\"><a href=\"https:\/\/scblog.lynge.org\/?p=943\">Mindre fejl i Cumulative Update 7 til NAV 2016<\/a><\/li>\n\t\t\t\t\n\t\t\t\t\t<li class=\"post-item-876\"><a href=\"https:\/\/scblog.lynge.org\/?p=876\">En Klassisk Dynamics C5 med &#8220;ondt&#8221; i SQL-koden<\/a><\/li>\n\t\t\t\t\n\t\t\t\t\t<li class=\"post-item-931\"><a href=\"https:\/\/scblog.lynge.org\/?p=931\">www.PowerBI.com &#8211; nu med data!<\/a><\/li>\n\t\t\t\t\n\t\t\t\t\t<li class=\"post-item-924\"><a href=\"https:\/\/scblog.lynge.org\/?p=924\">Er dobbelt kontrol bedre?<\/a><\/li>\n\t\t\t\t\n\t\t\t\t\t<li class=\"post-item-917\"><a href=\"https:\/\/scblog.lynge.org\/?p=917\">Dynamics NAV WebServices i Powershell<\/a><\/li>\n\t\t\t\t\n\t\t\t\t\t<li class=\"post-item-907\"><a href=\"https:\/\/scblog.lynge.org\/?p=907\">Dynamics NAV 2016 Click Once &#8211; Wait Long<\/a><\/li>\n\t\t\t\t\n\t\t\t\t\t<li class=\"post-item-884\"><a href=\"https:\/\/scblog.lynge.org\/?p=884\">Klassisk Dynamics C5 ramte forbi (lade-)porten<\/a><\/li>\n\t\t\t\t\n\t\t\t\t\t<li class=\"post-item-881\"><a href=\"https:\/\/scblog.lynge.org\/?p=881\">&#8220;MMC could not create the snap-in.&#8221;<\/a><\/li>\n\t\t\t\t\n\t\t\t\t\t<li class=\"post-item-872\"><a href=\"https:\/\/scblog.lynge.org\/?p=872\">Dynamics C5 2016 med licensmangler<\/a><\/li>\n\t\t\t\t\n\t\t\t\t\t<li class=\"post-item-780\"><a href=\"https:\/\/scblog.lynge.org\/?p=780\">C5 for SQL helt udenfor p\u00e6dagogisk r\u00e6kkevidde<\/a><\/li>\n\t\t\t\t\n\t\t\t\t\t<li class=\"post-item-761\"><a href=\"https:\/\/scblog.lynge.org\/?p=761\">K\u00e6rt barn har mange navne<\/a><\/li>\n\t\t\t\t\n\t\t\t\t\t<li class=\"post-item-832\"><a href=\"https:\/\/scblog.lynge.org\/?p=832\">ZyXEL ZyWALL 110 DMZ uden NAT samtidigt med NAT p\u00e5 LAN<\/a><\/li>\n\t\t\t\t\n\t\t\t\t\t<li class=\"post-item-840\"><a href=\"https:\/\/scblog.lynge.org\/?p=840\">&#8220;En fugl p\u00e5 taget i et glashus g\u00e5r over \u00e5en efter sand&#8221;<\/a><\/li>\n\t\t\t\t\n\t\t\t\t\t<li class=\"post-item-757\"><a href=\"https:\/\/scblog.lynge.org\/?p=757\">Har Klassisk Dynamics C5 en skriveblokering?<\/a><\/li>\n\t\t\t\t\n\t\t\t\t\t<li class=\"post-item-813\"><a href=\"https:\/\/scblog.lynge.org\/?p=813\">Azure Dynamic Routing Gateway Site2Site VPN med ZyXEL ZyWALL 110 HP VPN Firewall<\/a><\/li>\n\t\t\t\t\n\t\t\t\t\t<li class=\"post-item-809\"><a href=\"https:\/\/scblog.lynge.org\/?p=809\">Mister du adgang til dine Microsoft Office dokumenter i November 2015?<\/a><\/li>\n\t\t\t\t\n\t\t\t\t\t<li class=\"post-item-744\"><a href=\"https:\/\/scblog.lynge.org\/?p=744\">Pas p\u00e5 de globale variabler ved eksport og import<\/a><\/li>\n\t\t\t\t\n\t\t\t\t\t<li class=\"post-item-793\"><a href=\"https:\/\/scblog.lynge.org\/?p=793\">Azure Site2Site VPN med Zyxel Zywall 5<\/a><\/li>\n\t\t\t\t\n\t\t\t\t\t<li class=\"post-item-771\"><a href=\"https:\/\/scblog.lynge.org\/?p=771\">Microsoft Dynamics C5 Aborting<\/a><\/li>\n\t\t\t\t\n\t\t\t\t\t<li class=\"post-item-768\"><a href=\"https:\/\/scblog.lynge.org\/?p=768\">Slut med Klassisk C5 p\u00e5 Windows XP \/ Windows Server 2003, samt SQL Server 2005<\/a><\/li>\n\t\t\t\t\n\t\t\t\t\t<li class=\"post-item-702\"><a href=\"https:\/\/scblog.lynge.org\/?p=702\">&#8220;Blandt mennesker er der langt flere kopier end originaler&#8221;<\/a><\/li>\n\t\t\t\t\n\t\t\t\t\t<li class=\"post-item-649\"><a href=\"https:\/\/scblog.lynge.org\/?p=649\">12345678 er ikke et dansk CVR-nr. dit vr\u00f8vlehoved<\/a><\/li>\n\t\t\t\t\n\t\t\t\t\t<li class=\"post-item-716\"><a href=\"https:\/\/scblog.lynge.org\/?p=716\">En Klassisk Dynamics C5 helt ved siden af sig selv&#8230;<\/a><\/li>\n\t\t\t\t\n\t\t\t\t\t<li class=\"post-item-645\"><a href=\"https:\/\/scblog.lynge.org\/?p=645\">Syntax Error in Compiling: P\u00e5skedag := &#8220;f\u00f8rste s\u00f8ndag efter f\u00f8rste fuldm\u00e5ne efter for\u00e5rsj\u00e6vnd\u00f8gn&#8221;;<\/a><\/li>\n\t\t\t\t\n\t\t\t\t\t<li class=\"post-item-696\"><a href=\"https:\/\/scblog.lynge.org\/?p=696\">&#8220;One printer ought to be enough for anybody&#8221;<\/a><\/li>\n\t\t\t\t\n\t\t\t\t\t<li class=\"post-item-693\"><a href=\"https:\/\/scblog.lynge.org\/?p=693\">Blev 2015 et helt overset kapitel?<\/a><\/li>\n\t\t\t\t\n\t\t\t\t\t<li class=\"post-item-685\"><a href=\"https:\/\/scblog.lynge.org\/?p=685\">Starter (Pack) hj\u00e6lp til CRONUS Danmark A\/S<\/a><\/li>\n\t\t\t\t\n\t\t\t\t\t<li class=\"post-item-674\"><a href=\"https:\/\/scblog.lynge.org\/?p=674\">Handicappet sikkerhed i NAV?<\/a><\/li>\n\t\t\t\t\n\t\t\t\t\t<li class=\"post-item-669\"><a href=\"https:\/\/scblog.lynge.org\/?p=669\">NAV WebClient Server Error<\/a><\/li>\n\t\t\t\t\n\t\t\t\t\t<li class=\"post-item-658\"><a href=\"https:\/\/scblog.lynge.org\/?p=658\">En sv\u00e6r &#8220;Tablet&#8221; at sluge<\/a><\/li>\n\t\t\t\t\n\t\t\t\t\t<li class=\"post-item-633\"><a href=\"https:\/\/scblog.lynge.org\/?p=633\">En ulden Windows Update<\/a><\/li>\n\t\t\t\t\n\t\t\t\t\t<li class=\"post-item-630\"><a href=\"https:\/\/scblog.lynge.org\/?p=630\">The Day After Tomorrow er blevet forsinket<\/a><\/li>\n\t\t\t\t\n\t\t\t\t\t<li class=\"post-item-620\"><a href=\"https:\/\/scblog.lynge.org\/?p=620\">En Citrix-sl\u00f8v Klassisk C5<\/a><\/li>\n\t\t\t\t\n\t\t\t\t\t<li class=\"post-item-607\"><a href=\"https:\/\/scblog.lynge.org\/?p=607\">&#8220;En forsinket ret er en n\u00e6gtet ret&#8221;<\/a><\/li>\n\t\t\t\t\n\t\t\t\t\t<li class=\"post-item-591\"><a href=\"https:\/\/scblog.lynge.org\/?p=591\">&#8220;Af gammelt jern smedes nye v\u00e5ben&#8221;<\/a><\/li>\n\t\t\t\t\n\t\t\t\t\t<li class=\"post-item-581\"><a href=\"https:\/\/scblog.lynge.org\/?p=581\">Vi har fixet Nationalbanken<\/a><\/li>\n\t\t\t\t\n\t\t\t\t\t<li class=\"post-item-553\"><a href=\"https:\/\/scblog.lynge.org\/?p=553\">Pas p\u00e5 gr\u00e6nsekontrollen!<\/a><\/li>\n\t\t\t\t\n\t\t\t\t\t<li class=\"post-item-479\"><a href=\"https:\/\/scblog.lynge.org\/?p=479\">&#8220;Supersvarerne&#8221;<\/a><\/li>\n\t\t\t\t\n\t\t\t\t\t<li class=\"post-item-455\"><a href=\"https:\/\/scblog.lynge.org\/?p=455\">Det papirl\u00f8se kontor&#8230;<\/a><\/li>\n\t\t\t\t\n\t\t\t\t\t<li class=\"post-item-565\"><a href=\"https:\/\/scblog.lynge.org\/?p=565\">Klassisk C5 2012 for SQL, Windows 8 og SQL Server 2005<\/a><\/li>\n\t\t\t\t\n\t\t\t\t\t<li class=\"post-item-544\"><a href=\"https:\/\/scblog.lynge.org\/?p=544\">&#8220;Danske politikere er ikke korrupte, det kr\u00e6ver jo et vist format&#8221;<\/a><\/li>\n\t\t\t\t\n\t\t\t\t\t<li class=\"post-item-517\"><a href=\"https:\/\/scblog.lynge.org\/?p=517\">Kernen falder aldrig langt fra applikationen<\/a><\/li>\n\t\t\t\t\n\t\t\t\t\t<li class=\"post-item-509\"><a href=\"https:\/\/scblog.lynge.org\/?p=509\">Nationalbanken \u00f8del\u00e6gger din Klassiske Dynamics C5<\/a><\/li>\n\t\t\t\t\n\t\t\t\t\t<li class=\"post-item-450\"><a href=\"https:\/\/scblog.lynge.org\/?p=450\">@!\u00a4%&#038;\u00a8^\u00a4%@$ og andre m\u00e6rkelige tegn i c5.ini p\u00e5 Klassisk C5 for SQL<\/a><\/li>\n\t\t\t\t\n\t\t\t\t\t<li class=\"post-item-465\"><a href=\"https:\/\/scblog.lynge.org\/?p=465\">Dynamics C5 2014\/2015. Are you nuts?!!?<\/a><\/li>\n\t\t\t\t\n\t\t\t\t\t<li class=\"post-item-445\"><a href=\"https:\/\/scblog.lynge.org\/?p=445\">&#8220;\u00c6 \u00f8 i a \u00e5&#8221; p\u00e5 bredt Jydsk eller &#8220;\u00f8en i \u00e5en&#8221; p\u00e5 mere Rigsdansk<\/a><\/li>\n\t\t\t\t\n\t\t\t\t\t<li class=\"post-item-386\"><a href=\"https:\/\/scblog.lynge.org\/?p=386\">Fort\u00e6l mig&#8230; jeg glemmer. Vis mig&#8230; jeg husker. Inddrag mig&#8230; jeg forst\u00e5r<\/a><\/li>\n\t\t\t\t\n\t\t\t\t\t<li class=\"post-item-361\"><a href=\"https:\/\/scblog.lynge.org\/?p=361\">The Day After Tomorrow (Q&#038;A om Dynamics C5 2014 og nyere)<\/a><\/li>\n\t\t\t\t\n\t\t\t\t\t<li class=\"post-item-337\"><a href=\"https:\/\/scblog.lynge.org\/?p=337\">Den hemmelige kilde&#8230;<\/a><\/li>\n\t\t\t\t\n\t\t\t\t\t<li class=\"post-item-328\"><a href=\"https:\/\/scblog.lynge.org\/?p=328\">S\u00e5dan en Tudeprins!<\/a><\/li>\n\t\t\t\t\n\t\t\t\t\t<li class=\"post-item-326\"><a href=\"https:\/\/scblog.lynge.org\/?p=326\">En fil i kagen?<\/a><\/li>\n\t\t\t\t\n\t\t\t\t\t<li class=\"post-item-299\"><a href=\"https:\/\/scblog.lynge.org\/?p=299\">Et &#8220;hemmeligt&#8221; SQL-kodeord<\/a><\/li>\n\t\t\t\t\n\t\t\t\t\t<li class=\"post-item-290\"><a href=\"https:\/\/scblog.lynge.org\/?p=290\">Det er alts\u00e5 ikke st\u00f8rrelsen det kommer an p\u00e5!<\/a><\/li>\n\t\t\t\t\n\t\t\t\t\t<li class=\"post-item-288\"><a href=\"https:\/\/scblog.lynge.org\/?p=288\">Nuk&#8217;em (hvordan sletter man et regnskab i C5 p\u00e5 SQL?)<\/a><\/li>\n\t\t\t\t\n\t\t\t\t\t<li class=\"post-item-302\"><a href=\"https:\/\/scblog.lynge.org\/?p=302\">Den lille forskel (p\u00e5 \u00d8 og O)<\/a><\/li>\n\t\t\t\t\n\t\t\t\t\t<li class=\"post-item-307\"><a href=\"https:\/\/scblog.lynge.org\/?p=307\">Gammel vin p\u00e5 nye flasker&#8230;<\/a><\/li>\n\t\t\t\t\n\t\t\t\t\t<li class=\"post-item-286\"><a href=\"https:\/\/scblog.lynge.org\/?p=286\">Skema mig her og skema mig der!<\/a><\/li>\n\t\t\t\t\n\t\t\t\t\t<li class=\"post-item-247\"><a href=\"https:\/\/scblog.lynge.org\/?p=247\">Det Gr\u00e5 C5 Guld<\/a><\/li>\n\t\t\t\t\n\t\t\t\t\t<li class=\"post-item-243\"><a href=\"https:\/\/scblog.lynge.org\/?p=243\">Overv\u00e6gtige C5 databaser tager tid<\/a><\/li>\n\t\t\t\t\n\t\t\t\t\t<li class=\"post-item-219\"><a href=\"https:\/\/scblog.lynge.org\/?p=219\">Native (og lidt SQL) ODBC A-B-C<\/a><\/li>\n\t\t\t\t\n\t\t\t\t\t<li class=\"post-item-204\"><a href=\"https:\/\/scblog.lynge.org\/?p=204\">SQL-kode p\u00e5 speed?<\/a><\/li>\n\t\t\t\t\n\t\t\t\t\t<li class=\"post-item-194\"><a href=\"https:\/\/scblog.lynge.org\/?p=194\">SQL vs Native &#8211; med et tvist af en indbygget SQL-bug?<\/a><\/li>\n\t\t\t\t\n\t\t\t\t\t<li class=\"post-item-184\"><a href=\"https:\/\/scblog.lynge.org\/?p=184\">C5 fryser ved opstart<\/a><\/li>\n\t\t\t\t\n\t\t\t\t\t<li class=\"post-item-176\"><a href=\"https:\/\/scblog.lynge.org\/?p=176\">Brugeropsatte vinduer<\/a><\/li>\n\t\t\t\t\n\t\t\t\t\t<li class=\"post-item-160\"><a href=\"https:\/\/scblog.lynge.org\/?p=160\">P\u00e5ske, Pinse og Jul st\u00e5r for d\u00f8ren&#8230;<\/a><\/li>\n\t\t\t\t\n\t\t\t\t\t<li class=\"post-item-153\"><a href=\"https:\/\/scblog.lynge.org\/?p=153\">Langsom login p\u00e5 C5 version 2012 p\u00e5 SQL<\/a><\/li>\n\t\t\t\t\n\t\t\t\t\t<li class=\"post-item-139\"><a href=\"https:\/\/scblog.lynge.org\/?p=139\">Kursen er sat, men er den rigtig?<\/a><\/li>\n\t\t\t\t\n\t\t\t\t\t<li class=\"post-item-124\"><a href=\"https:\/\/scblog.lynge.org\/?p=124\">Din Direkt\u00f8r skal beskyttes&#8230;<\/a><\/li>\n\t\t\t\t\n\t\t\t\t\t<li class=\"post-item-100\"><a href=\"https:\/\/scblog.lynge.org\/?p=100\">Google This!<\/a><\/li>\n\t\t\t\t\n\t\t\t\t\t<li class=\"post-item-98\"><a href=\"https:\/\/scblog.lynge.org\/?p=98\">Bakke op og bakke ned&#8230;<\/a><\/li>\n\t\t\t\t\n\t\t\t\t\t<li class=\"post-item-82\"><a href=\"https:\/\/scblog.lynge.org\/?p=82\">Dynamics C5 &#8211; game edition<\/a><\/li>\n\t\t\t\t\n\t\t\t\t\t<li class=\"post-item-67\"><a href=\"https:\/\/scblog.lynge.org\/?p=67\">XAL-version 3.5, code name &#8220;Sweedish Beer&#8221;<\/a><\/li>\n\t\t\t\t\n\t\t\t\t\t<li class=\"post-item-64\"><a href=\"https:\/\/scblog.lynge.org\/?p=64\">Nej, nej, nej &#8211; ikke endnu et logningsmodul til C5!?!?<\/a><\/li>\n\t\t\t\t\n\t\t\t\t\t<li class=\"post-item-47\"><a href=\"https:\/\/scblog.lynge.org\/?p=47\">S\u00e5 skift dog linje!<\/a><\/li>\n\t\t\t\t\n\t\t\t\t\t<li class=\"post-item-42\"><a href=\"https:\/\/scblog.lynge.org\/?p=42\">En &#8220;umoderne&#8221; C5<\/a><\/li>\n\t\t\t\t\n\t\t\t\t\t<li class=\"post-item-34\"><a href=\"https:\/\/scblog.lynge.org\/?p=34\">Selv en Native kan v\u00e6re en Goliat<\/a><\/li>\n\t\t\t\t\n\t\t\t\t\t<li class=\"post-item-28\"><a href=\"https:\/\/scblog.lynge.org\/?p=28\">C5-&#8220;wiki leaks&#8221;?<\/a><\/li>\n\t\t\t\t\n\t\t\t\t\t<li class=\"post-item-7\"><a href=\"https:\/\/scblog.lynge.org\/?p=7\">&#8220;Hvorn\u00e5r var det nu det var?&#8221;<\/a><\/li>\n\t\t\t\t<\/ul>\n\t<\/div><!--#w4pl-inner-892-->\n<\/div><!--#w4pl-892-->\n<!--END_W4PL_List_892-->\n\n","protected":false},"excerpt":{"rendered":"<p>Velkommen til Systemconnects tekniske blogarkiv for prim\u00e6rt Dynamics NAV, Dynamics C5 og Klassisk Dynamics C5.<\/p>\n","protected":false},"author":1,"featured_media":0,"parent":0,"menu_order":0,"comment_status":"open","ping_status":"open","template":"sidebar-page.php","meta":{"footnotes":""},"class_list":["post-433","page","type-page","status-publish","hentry"],"_links":{"self":[{"href":"https:\/\/scblog.lynge.org\/index.php?rest_route=\/wp\/v2\/pages\/433","targetHints":{"allow":["GET"]}}],"collection":[{"href":"https:\/\/scblog.lynge.org\/index.php?rest_route=\/wp\/v2\/pages"}],"about":[{"href":"https:\/\/scblog.lynge.org\/index.php?rest_route=\/wp\/v2\/types\/page"}],"author":[{"embeddable":true,"href":"https:\/\/scblog.lynge.org\/index.php?rest_route=\/wp\/v2\/users\/1"}],"replies":[{"embeddable":true,"href":"https:\/\/scblog.lynge.org\/index.php?rest_route=%2Fwp%2Fv2%2Fcomments&post=433"}],"version-history":[{"count":15,"href":"https:\/\/scblog.lynge.org\/index.php?rest_route=\/wp\/v2\/pages\/433\/revisions"}],"predecessor-version":[{"id":1188,"href":"https:\/\/scblog.lynge.org\/index.php?rest_route=\/wp\/v2\/pages\/433\/revisions\/1188"}],"wp:attachment":[{"href":"https:\/\/scblog.lynge.org\/index.php?rest_route=%2Fwp%2Fv2%2Fmedia&parent=433"}],"curies":[{"name":"wp","href":"https:\/\/api.w.org\/{rel}","templated":true}]}}