{"id":1192,"date":"2018-09-19T08:35:13","date_gmt":"2018-09-19T06:35:13","guid":{"rendered":"https:\/\/scblog.lynge.org\/?page_id=1192"},"modified":"2019-07-30T09:22:05","modified_gmt":"2019-07-30T07:22:05","slug":"om-og-copyright","status":"publish","type":"page","link":"https:\/\/scblog.lynge.org\/?page_id=1192","title":{"rendered":"Om og Copyright"},"content":{"rendered":"<p>Systemconnect Tekniske Blog for prim\u00e6rt Microsoft Dynamics C5 og NAV blev skrevet af <a href=\"https:\/\/www.linkedin.com\/in\/gertlynge\/\" target=\"_blank\" rel=\"noopener noreferrer\">Gert Lynge<\/a> da han var ansat hos Systemconnect.<br \/>\nPr. 1. februar 2018 har Gert dog skiftet arbejde, hvorfor bloggen udelukkende, indtil videre, videref\u00f8res som arkiv.<\/p>\n<p><a href=\"http:\/\/www.systemconnect.dk\" target=\"_blank\" rel=\"noopener noreferrer\">L\u00e6s evt. mere om Systemconnect ved at klikke her!<\/a><\/p>\n<p>M\u00e5lgruppen for denne Blog er danske Dynamics C5 og NAV Partnere og deres ansatte &#8211; prim\u00e6rt ansatte med et mere teknisk fokus (programm\u00f8rer og konsulenter).<\/p>\n<p>M\u00e5lgruppen er IKKE Dynamics C5 og NAV kunder\/brugere om end, det ikke kan udelukkes, at disse ogs\u00e5 kan bruge nogle af de oplysninger\/eksempler mv., der gives.<br \/>\nVi anbefaler kraftigt, at Dynamics C5 og NAV kunder\/brugere ALTID kontakter deres leverand\u00f8r, hvis de \u00f8nsker at benytte ting oplyst eller frigivet p\u00e5 denne Blog. Systemconnect hj\u00e6lper dig naturligvis gerne, hvis du ikke er tilknyttet en leverand\u00f8r.<\/p>\n<p><strong>Al brug eller citering af viden\/eksempler\/programkode fra denne Blog skal ske med tydelige kildeangivelse og er helt p\u00e5 egen regning og risiko.<br \/>\n<\/strong><\/p>\n<p>Al materiale p\u00e5 denne hjemmeside er Copyright Systemconnect med mindre andet er angivet.<\/p>\n<p>God forn\u00f8jelse&#8230;<\/p>\n","protected":false},"excerpt":{"rendered":"<p>Systemconnect Tekniske Blog for prim\u00e6rt Microsoft Dynamics C5 og NAV blev skrevet af Gert Lynge da han var ansat hos Systemconnect. Pr. 1. februar 2018 har Gert dog skiftet arbejde, hvorfor bloggen udelukkende, indtil videre, videref\u00f8res som arkiv. L\u00e6s evt. &hellip; <a href=\"https:\/\/scblog.lynge.org\/?page_id=1192\">L\u00e6s resten <span class=\"meta-nav\">&rarr;<\/span><\/a><\/p>\n","protected":false},"author":1,"featured_media":0,"parent":0,"menu_order":0,"comment_status":"closed","ping_status":"closed","template":"","meta":{"footnotes":""},"class_list":["post-1192","page","type-page","status-publish","hentry"],"_links":{"self":[{"href":"https:\/\/scblog.lynge.org\/index.php?rest_route=\/wp\/v2\/pages\/1192","targetHints":{"allow":["GET"]}}],"collection":[{"href":"https:\/\/scblog.lynge.org\/index.php?rest_route=\/wp\/v2\/pages"}],"about":[{"href":"https:\/\/scblog.lynge.org\/index.php?rest_route=\/wp\/v2\/types\/page"}],"author":[{"embeddable":true,"href":"https:\/\/scblog.lynge.org\/index.php?rest_route=\/wp\/v2\/users\/1"}],"replies":[{"embeddable":true,"href":"https:\/\/scblog.lynge.org\/index.php?rest_route=%2Fwp%2Fv2%2Fcomments&post=1192"}],"version-history":[{"count":2,"href":"https:\/\/scblog.lynge.org\/index.php?rest_route=\/wp\/v2\/pages\/1192\/revisions"}],"predecessor-version":[{"id":1203,"href":"https:\/\/scblog.lynge.org\/index.php?rest_route=\/wp\/v2\/pages\/1192\/revisions\/1203"}],"wp:attachment":[{"href":"https:\/\/scblog.lynge.org\/index.php?rest_route=%2Fwp%2Fv2%2Fmedia&parent=1192"}],"curies":[{"name":"wp","href":"https:\/\/api.w.org\/{rel}","templated":true}]}}